{"id":7,"date":"2017-05-15T11:01:55","date_gmt":"2017-05-15T09:01:55","guid":{"rendered":"http:\/\/new.netck.pl\/?page_id=7"},"modified":"2021-11-10T12:12:05","modified_gmt":"2021-11-10T11:12:05","slug":"strona-glowna","status":"publish","type":"page","link":"https:\/\/www.netck.pl\/","title":{"rendered":"NetCK &#8211; Internet Kielce"},"content":{"rendered":"<p><img src=\"https:\/\/www.netck.pl\/wp-content\/uploads\/2017\/05\/piktogramy.png\" \/><\/p>\n<p><span style=\"color: #000000;\">Stawiamy sobie za cel zagwarantowanie Pa\u0144stwu najlepszego oraz najszybszego dost\u0119pu do sieci Internet na <strong>przejrzystych i\u00a0jasnych warunkach<\/strong>.<\/span><\/p>\n<p><span style=\"color: #000000;\">Jeste\u015bmy operatorem telekomunikacyjnym oferuj\u0105cym sta\u0142y szerokopasmowy dost\u0119p do Internetu <strong>bez limit\u00f3w danych<\/strong>.<\/span><\/p>\n<p><span style=\"color: #000000;\">Posiadamy stabiln\u0105 i niezawodn\u0105 infrastruktur\u0119 opart\u0105 na wysokiej klasy sprz\u0119cie znanych producent\u00f3w, przystosowanym do pracy w <strong>trudnych warunkach pogodowych<\/strong>.<\/span><\/p>\n<p><span style=\"color: #000000;\"><strong>Gwarantujemy przepustowo\u015b\u0107 oraz niezawodno\u015b\u0107 naszych \u0142\u0105cz.<\/strong><\/span><\/p>\n<p><span style=\"color: #000000;\">Jako jedyni w Kielcach <strong>gwarantujemy<\/strong> podane pr\u0119dko\u015bci transmisji <strong>umow\u0105<\/strong>.<\/span><\/p>\n<p><span style=\"color: #000000;\">Posiadamy ponad <strong>10 letnie do\u015bwiadczenie<\/strong> w bran\u017cy teleinformatycznej.<\/span><\/p>\n","protected":false},"excerpt":{"rendered":"<p>Stawiamy sobie za cel zagwarantowanie Pa\u0144stwu najlepszego oraz najszybszego dost\u0119pu do sieci Internet na przejrzystych i\u00a0jasnych warunkach. Jeste\u015bmy operatorem telekomunikacyjnym oferuj\u0105cym sta\u0142y szerokopasmowy dost\u0119p do Internetu bez limit\u00f3w danych. Posiadamy stabiln\u0105 i niezawodn\u0105 infrastruktur\u0119 opart\u0105 na wysokiej klasy sprz\u0119cie znanych producent\u00f3w, przystosowanym do pracy w trudnych warunkach pogodowych. Gwarantujemy przepustowo\u015b\u0107 oraz niezawodno\u015b\u0107 naszych \u0142\u0105cz. Jako [&hellip;]<\/p>\n","protected":false},"author":1,"featured_media":0,"parent":0,"menu_order":0,"comment_status":"closed","ping_status":"closed","template":"","meta":[],"_links":{"self":[{"href":"https:\/\/www.netck.pl\/index.php\/wp-json\/wp\/v2\/pages\/7"}],"collection":[{"href":"https:\/\/www.netck.pl\/index.php\/wp-json\/wp\/v2\/pages"}],"about":[{"href":"https:\/\/www.netck.pl\/index.php\/wp-json\/wp\/v2\/types\/page"}],"author":[{"embeddable":true,"href":"https:\/\/www.netck.pl\/index.php\/wp-json\/wp\/v2\/users\/1"}],"replies":[{"embeddable":true,"href":"https:\/\/www.netck.pl\/index.php\/wp-json\/wp\/v2\/comments?post=7"}],"version-history":[{"count":8,"href":"https:\/\/www.netck.pl\/index.php\/wp-json\/wp\/v2\/pages\/7\/revisions"}],"predecessor-version":[{"id":397,"href":"https:\/\/www.netck.pl\/index.php\/wp-json\/wp\/v2\/pages\/7\/revisions\/397"}],"wp:attachment":[{"href":"https:\/\/www.netck.pl\/index.php\/wp-json\/wp\/v2\/media?parent=7"}],"curies":[{"name":"wp","href":"https:\/\/api.w.org\/{rel}","templated":true}]}}