{"id":257,"date":"2019-10-18T12:26:53","date_gmt":"2019-10-18T10:26:53","guid":{"rendered":"https:\/\/www.netck.pl\/?page_id=257"},"modified":"2021-01-15T15:46:55","modified_gmt":"2021-01-15T14:46:55","slug":"cennik-internet-swiatlowodowy","status":"publish","type":"page","link":"https:\/\/www.netck.pl\/index.php\/cennik-internet-swiatlowodowy\/","title":{"rendered":"Cennik &#8211; Internet \u015awiat\u0142owodowy"},"content":{"rendered":"\n<div class=\"wp-block-image\"><figure class=\"aligncenter size-large is-resized\"><img loading=\"lazy\" src=\"http:\/\/www.netck.pl\/wp-content\/uploads\/2019\/11\/cennik.png\" alt=\"cennik\" class=\"wp-image-270\" width=\"614\" height=\"226\" srcset=\"https:\/\/www.netck.pl\/wp-content\/uploads\/2019\/11\/cennik.png 614w, https:\/\/www.netck.pl\/wp-content\/uploads\/2019\/11\/cennik-300x110.png 300w\" sizes=\"(max-width: 614px) 100vw, 614px\" \/><figcaption>W budynkach do 6 mieszka\u0144 cena abonamentu mo\u017ce by\u0107 wy\u017csza o 20%<\/figcaption><\/figure><\/div>\n\n\n\n<div class=\"wp-block-image\"><figure class=\"aligncenter size-large is-resized\"><img loading=\"lazy\" src=\"http:\/\/www.netck.pl\/wp-content\/uploads\/2019\/10\/oferta-swiatlo-firma-1.jpg\" alt=\"cennik \u015bwiat\u0142o\" class=\"wp-image-269\" width=\"624\" height=\"745\" srcset=\"https:\/\/www.netck.pl\/wp-content\/uploads\/2019\/10\/oferta-swiatlo-firma-1.jpg 624w, https:\/\/www.netck.pl\/wp-content\/uploads\/2019\/10\/oferta-swiatlo-firma-1-251x300.jpg 251w\" sizes=\"(max-width: 624px) 100vw, 624px\" \/><figcaption>W budynkach do 6 mieszka\u0144 cena abonamentu mo\u017ce by\u0107 wy\u017csza o 20%<\/figcaption><\/figure><\/div>\n\n\n\n<p><\/p>\n","protected":false},"excerpt":{"rendered":"","protected":false},"author":1,"featured_media":0,"parent":0,"menu_order":0,"comment_status":"closed","ping_status":"closed","template":"","meta":[],"_links":{"self":[{"href":"https:\/\/www.netck.pl\/index.php\/wp-json\/wp\/v2\/pages\/257"}],"collection":[{"href":"https:\/\/www.netck.pl\/index.php\/wp-json\/wp\/v2\/pages"}],"about":[{"href":"https:\/\/www.netck.pl\/index.php\/wp-json\/wp\/v2\/types\/page"}],"author":[{"embeddable":true,"href":"https:\/\/www.netck.pl\/index.php\/wp-json\/wp\/v2\/users\/1"}],"replies":[{"embeddable":true,"href":"https:\/\/www.netck.pl\/index.php\/wp-json\/wp\/v2\/comments?post=257"}],"version-history":[{"count":6,"href":"https:\/\/www.netck.pl\/index.php\/wp-json\/wp\/v2\/pages\/257\/revisions"}],"predecessor-version":[{"id":391,"href":"https:\/\/www.netck.pl\/index.php\/wp-json\/wp\/v2\/pages\/257\/revisions\/391"}],"wp:attachment":[{"href":"https:\/\/www.netck.pl\/index.php\/wp-json\/wp\/v2\/media?parent=257"}],"curies":[{"name":"wp","href":"https:\/\/api.w.org\/{rel}","templated":true}]}}