{"id":245,"date":"2019-10-17T17:21:18","date_gmt":"2019-10-17T15:21:18","guid":{"rendered":"https:\/\/www.netck.pl\/?page_id=245"},"modified":"2021-02-09T14:44:02","modified_gmt":"2021-02-09T13:44:02","slug":"telewizja-internetowa","status":"publish","type":"page","link":"https:\/\/www.netck.pl\/index.php\/telewizja-internetowa\/","title":{"rendered":"Telewizja Internetowa"},"content":{"rendered":"\n<p class=\"has-very-dark-gray-color has-text-color\">Telewizja Internetowa NetCk to najnowocze\u015bniejsza platforma telewizyjna dost\u0119pna na rynku. Ju\u017c nigdy nie przegapisz ulubionego serialu lub wydarzenia.<\/p>\n\n\n\n<p class=\"has-very-dark-gray-color has-text-color\">Platforma dzia\u0142a praktycznie w ka\u017cdych warunkach, nawet na bardzo s\u0142abym \u0142\u0105czu internetowym typu 1Mbit dzi\u0119ki adaptacyjnemu dostosowaniu jako\u015bci.<\/p>\n\n\n\n<p class=\"has-very-dark-gray-color has-text-color\">Do odbioru w maksymalnej jako\u015bci dla 1080p zalecane \u0142\u0105cze 6Mbit. Dla kana\u0142\u00f3w w 4K oko\u0142o 20Mbit.<\/p>\n\n\n\n<p class=\"has-very-dark-gray-color has-text-color\">Dekoder mo\u017cna uruchomi\u0107 na terenie ca\u0142ej Europy, system obs\u0142uguje p\u0142ynne cofanie\/zatrzymywanie\/przewijanie oraz nagrywanie materia\u0142u ze wszystkich dost\u0119pnych kana\u0142\u00f3w nawet 7 dni wstecz.<br><\/p>\n\n\n\n<p class=\"has-text-align-center\">Koszt aktywacji us\u0142ugi <strong>99 z\u0142<\/strong><br>Wykup dekodera na w\u0142asno\u015b\u0107 <strong>249 z\u0142<\/strong><br>Dzier\u017cawa dekodera <strong>5<\/strong> <strong>z\u0142<\/strong> miesi\u0119cznie<\/p>\n\n\n\n<figure class=\"wp-block-image alignwide size-large is-style-default\"><a href=\"http:\/\/www.netck.pl\/wp-content\/uploads\/2019\/10\/Telewizja-Internetowa-scaled.jpg\" target=\"_blank\" rel=\"noreferrer noopener\"><img loading=\"lazy\" width=\"1024\" height=\"740\" src=\"http:\/\/www.netck.pl\/wp-content\/uploads\/2019\/10\/Telewizja-Internetowa-1024x740.jpg\" alt=\"Telewizja-Internetowa\" class=\"wp-image-247\" srcset=\"https:\/\/www.netck.pl\/wp-content\/uploads\/2019\/10\/Telewizja-Internetowa-1024x740.jpg 1024w, https:\/\/www.netck.pl\/wp-content\/uploads\/2019\/10\/Telewizja-Internetowa-300x217.jpg 300w, https:\/\/www.netck.pl\/wp-content\/uploads\/2019\/10\/Telewizja-Internetowa-768x555.jpg 768w, https:\/\/www.netck.pl\/wp-content\/uploads\/2019\/10\/Telewizja-Internetowa-1536x1110.jpg 1536w, https:\/\/www.netck.pl\/wp-content\/uploads\/2019\/10\/Telewizja-Internetowa-2048x1480.jpg 2048w, https:\/\/www.netck.pl\/wp-content\/uploads\/2019\/10\/Telewizja-Internetowa-1200x867.jpg 1200w, https:\/\/www.netck.pl\/wp-content\/uploads\/2019\/10\/Telewizja-Internetowa-1980x1430.jpg 1980w\" sizes=\"(max-width: 1024px) 100vw, 1024px\" \/><\/a><figcaption>Telewizja internetowa<\/figcaption><\/figure>\n\n\n\n<p><\/p>\n","protected":false},"excerpt":{"rendered":"<p>Telewizja Internetowa NetCk to najnowocze\u015bniejsza platforma telewizyjna dost\u0119pna na rynku. Ju\u017c nigdy nie przegapisz ulubionego serialu lub wydarzenia. Platforma dzia\u0142a praktycznie w ka\u017cdych warunkach, nawet na bardzo s\u0142abym \u0142\u0105czu internetowym typu 1Mbit dzi\u0119ki adaptacyjnemu dostosowaniu jako\u015bci. Do odbioru w maksymalnej jako\u015bci dla 1080p zalecane \u0142\u0105cze 6Mbit. Dla kana\u0142\u00f3w w 4K oko\u0142o 20Mbit. Dekoder mo\u017cna uruchomi\u0107 [&hellip;]<\/p>\n","protected":false},"author":1,"featured_media":0,"parent":0,"menu_order":0,"comment_status":"closed","ping_status":"closed","template":"","meta":[],"_links":{"self":[{"href":"https:\/\/www.netck.pl\/index.php\/wp-json\/wp\/v2\/pages\/245"}],"collection":[{"href":"https:\/\/www.netck.pl\/index.php\/wp-json\/wp\/v2\/pages"}],"about":[{"href":"https:\/\/www.netck.pl\/index.php\/wp-json\/wp\/v2\/types\/page"}],"author":[{"embeddable":true,"href":"https:\/\/www.netck.pl\/index.php\/wp-json\/wp\/v2\/users\/1"}],"replies":[{"embeddable":true,"href":"https:\/\/www.netck.pl\/index.php\/wp-json\/wp\/v2\/comments?post=245"}],"version-history":[{"count":5,"href":"https:\/\/www.netck.pl\/index.php\/wp-json\/wp\/v2\/pages\/245\/revisions"}],"predecessor-version":[{"id":394,"href":"https:\/\/www.netck.pl\/index.php\/wp-json\/wp\/v2\/pages\/245\/revisions\/394"}],"wp:attachment":[{"href":"https:\/\/www.netck.pl\/index.php\/wp-json\/wp\/v2\/media?parent=245"}],"curies":[{"name":"wp","href":"https:\/\/api.w.org\/{rel}","templated":true}]}}